{"id":2269,"date":"2014-06-27T03:12:33","date_gmt":"2014-06-27T00:12:33","guid":{"rendered":"http:\/\/www.veriteknik.net.tr\/?page_id=2269"},"modified":"2014-09-09T05:13:46","modified_gmt":"2014-09-09T02:13:46","slug":"sunucu-barindirma","status":"publish","type":"page","link":"https:\/\/www.veriteknik.net.tr\/en\/datacenter\/sunucu-barindirma\/","title":{"rendered":"Server Co-location"},"content":{"rendered":"<h3>Sunucu Bar\u0131nd\u0131rma Hizmetinde nelere dikkat etmelisiniz, nas\u0131l fiyatland\u0131rma yap\u0131lmaktad\u0131r?<\/h3>\n<p>Bir sunucu merkezinin m\u00fc\u015fterilerine sundu\u011fu kiral\u0131k sunucular, uzun s\u00fcre test a\u015famas\u0131ndan ge\u00e7mi\u015f, yeterince yedek par\u00e7as\u0131 bulunan ve d\u00fc\u015f\u00fck enerji harcayan sunuculardan se\u00e7ilmektedir.Bu nedenle bir kiral\u0131k sunucunun fiyat\u0131 bazen sunucu bar\u0131nd\u0131rman\u0131n enerji \u00fccretine denk gelebilmektedir. Bu nedenle kendi sunucunuzu sat\u0131n al\u0131rken a\u015fa\u011f\u0131daki hususlara dikkat etmeniz gerekmektedir:<\/p>\n<ul style=\"color: #353535;\">\n<li>24 saat optimum \u015fekilde \u00e7al\u0131\u015famayacak ve sunucu merkezi i\u00e7in tehdit olu\u015fturabilecek Masa\u00fcst\u00fc bilgisayarlar sunucu merkezimizde\u00a0<strong>kabul edilmemektedir<\/strong>.<\/li>\n<li>Kabinler i\u00e7in optimize edilmi\u015f RACK sunucular daha az yer kaplamas\u0131ndan dolay\u0131 bar\u0131nd\u0131rma \u00fccretleri daha mak\u00fcld\u00fcr.<\/li>\n<li>RACK tipi sunucular\u0131n da boyutlar\u0131na g\u00f6re fiyatland\u0131rmas\u0131 de\u011fi\u015fmektedir<\/li>\n<li>Birden \u00e7ok g\u00fc\u00e7 kayna\u011f\u0131 (PSU) olan sunucular i\u00e7in farkl\u0131 tarifeler uygulan\u0131r<\/li>\n<li>Yeni nesil sunucu bar\u0131nd\u0131rd\u0131\u011f\u0131n\u0131zda enerji \u00fccretleri daha d\u00fc\u015f\u00fckt\u00fcr<\/li>\n<li>Microsoft i\u015fletim sistemi olan sunucularda, Microsoft son kullan\u0131c\u0131 lisans anla\u015fmas\u0131 gere\u011fi SPLA modeli kiral\u0131k i\u015fletim sistemi kullan\u0131lmas\u0131 gerekmektedir, bundle ya da OEM i\u015fletim sistemli sunucu sat\u0131n almay\u0131n\u0131z. SPLA lisanslar\u0131n\u0131 VeriTeknik sa\u011flamaktad\u0131r*<\/li>\n<\/ul>\n<p><span style=\"color: #353535;\">* VeriTeknik, m\u00fc\u015fterilerinin SPLA lisans\u0131 kullanmalar\u0131 gerekti\u011fini bildirmekle y\u00fck\u00fcml\u00fcd\u00fcr.<\/span><\/p>\n<p>&nbsp;<\/p>\n<p>Sunucu bar\u0131nd\u0131rma teklifinizi almak i\u00e7in 0(312) 234 20 00 numaral\u0131 telefondan irtibata ge\u00e7ebilir ya da a\u015fa\u011f\u0131daki formu doldurabilirsiniz<\/p>\n<div class=\"box two \">\n\n<div class=\"wpcf7 no-js\" id=\"wpcf7-f2547-o1\" lang=\"tr-TR\" dir=\"ltr\" data-wpcf7-id=\"2547\">\n<div class=\"screen-reader-response\"><p role=\"status\" aria-live=\"polite\" aria-atomic=\"true\"><\/p> <ul><\/ul><\/div>\n<form action=\"\/en\/wp-json\/wp\/v2\/pages\/2269#wpcf7-f2547-o1\" method=\"post\" class=\"wpcf7-form init\" aria-label=\"\u0130leti\u015fim Formu\" novalidate=\"novalidate\" data-status=\"init\">\n<fieldset class=\"hidden-fields-container\"><input type=\"hidden\" name=\"_wpcf7\" value=\"2547\" \/><input type=\"hidden\" name=\"_wpcf7_version\" value=\"6.1.5\" \/><input type=\"hidden\" name=\"_wpcf7_locale\" value=\"tr_TR\" \/><input type=\"hidden\" name=\"_wpcf7_unit_tag\" value=\"wpcf7-f2547-o1\" \/><input type=\"hidden\" name=\"_wpcf7_container_post\" value=\"0\" \/><input type=\"hidden\" name=\"_wpcf7_posted_data_hash\" value=\"\" \/><input type=\"hidden\" name=\"_wpcf7_recaptcha_response\" value=\"\" \/>\n<\/fieldset>\n<p>Firma Ad\u0131\n<\/p>\n<p><span class=\"wpcf7-form-control-wrap\" data-name=\"company-name\"><input size=\"40\" maxlength=\"400\" class=\"wpcf7-form-control wpcf7-text wpcf7-validates-as-required\" aria-required=\"true\" aria-invalid=\"false\" value=\"\" type=\"text\" name=\"company-name\" \/><\/span>\n<\/p>\n<p>Ad\u0131n\u0131z\n<\/p>\n<p><span class=\"wpcf7-form-control-wrap\" data-name=\"your-name\"><input size=\"40\" maxlength=\"400\" class=\"wpcf7-form-control wpcf7-text wpcf7-validates-as-required\" aria-required=\"true\" aria-invalid=\"false\" value=\"\" type=\"text\" name=\"your-name\" \/><\/span>\n<\/p>\n<p>Eposta\n<\/p>\n<p><span class=\"wpcf7-form-control-wrap\" data-name=\"your-email\"><input size=\"40\" maxlength=\"400\" class=\"wpcf7-form-control wpcf7-email wpcf7-validates-as-required wpcf7-text wpcf7-validates-as-email\" aria-required=\"true\" aria-invalid=\"false\" value=\"\" type=\"email\" name=\"your-email\" \/><\/span>\n<\/p>\n<p>Telefon\n<\/p>\n<p><span class=\"wpcf7-form-control-wrap\" data-name=\"phone\"><input size=\"40\" maxlength=\"400\" class=\"wpcf7-form-control wpcf7-text wpcf7-validates-as-required\" aria-required=\"true\" aria-invalid=\"false\" value=\"\" type=\"text\" name=\"phone\" \/><\/span>\n<\/p>\n<p>Trafik\n<\/p>\n<p><span class=\"wpcf7-form-control-wrap\" data-name=\"traffic\"><select class=\"wpcf7-form-control wpcf7-select\" aria-invalid=\"false\" name=\"traffic\"><option value=\"&lt; 5 TB\">&lt; 5 TB<\/option><option value=\"5 - 10 TB aras\u0131\">5 - 10 TB aras\u0131<\/option><option value=\"10 - 20 TB aras\u0131\">10 - 20 TB aras\u0131<\/option><option value=\"20 - 50 TB aras\u0131\">20 - 50 TB aras\u0131<\/option><option value=\"&gt; 50 TB\">&gt; 50 TB<\/option><\/select><\/span>\n<\/p>\n<p>Ek servisler\n<\/p>\n<p><span class=\"wpcf7-form-control-wrap\" data-name=\"additional_services\"><span class=\"wpcf7-form-control wpcf7-checkbox\"><span class=\"wpcf7-list-item first\"><input type=\"checkbox\" name=\"additional_services[]\" value=\"SMS Uyar\u0131 Sistemi\" \/><span class=\"wpcf7-list-item-label\">SMS Uyar\u0131 Sistemi<\/span><\/span><span class=\"wpcf7-list-item\"><input type=\"checkbox\" name=\"additional_services[]\" value=\"Sunucu Yedekleme\" \/><span class=\"wpcf7-list-item-label\">Sunucu Yedekleme<\/span><\/span><span class=\"wpcf7-list-item last\"><input type=\"checkbox\" name=\"additional_services[]\" value=\"KVMoverIP\" \/><span class=\"wpcf7-list-item-label\">KVMoverIP<\/span><\/span><\/span><\/span>\n<\/p>\n<p>Belirtmek istedikleriniz\n<\/p>\n<p><span class=\"wpcf7-form-control-wrap\" data-name=\"your-message\"><textarea cols=\"40\" rows=\"10\" maxlength=\"2000\" class=\"wpcf7-form-control wpcf7-textarea\" aria-invalid=\"false\" name=\"your-message\"><\/textarea><\/span>\n<\/p>\n<p>L\u00fctfen cevaplay\u0131n\u0131z\n<\/p>\n<p><span class=\"wpcf7-form-control-wrap\" data-name=\"random-math-quiz\"><label><span class=\"wpcf7-quiz-label\">5+3=?<\/span> <input size=\"40\" class=\"wpcf7-form-control wpcf7-quiz\" autocomplete=\"off\" aria-required=\"true\" aria-invalid=\"false\" type=\"text\" name=\"random-math-quiz\" \/><\/label><input type=\"hidden\" name=\"_wpcf7_quiz_answer_random-math-quiz\" value=\"191b3c44ced0d65cd8c5aa2d98c98a28\" \/><\/span>\n<\/p>\n<p><input class=\"wpcf7-form-control wpcf7-submit has-spinner\" type=\"submit\" value=\"Ba\u015fvuruyu G\u00f6nder\" \/>\n<\/p><p style=\"display: none !important;\" class=\"akismet-fields-container\" data-prefix=\"_wpcf7_ak_\"><label>&#916;<textarea name=\"_wpcf7_ak_hp_textarea\" cols=\"45\" rows=\"8\" maxlength=\"100\"><\/textarea><\/label><input type=\"hidden\" id=\"ak_js_1\" name=\"_wpcf7_ak_js\" value=\"122\"\/><script>document.getElementById( \"ak_js_1\" ).setAttribute( \"value\", ( new Date() ).getTime() );<\/script><\/p><div class=\"wpcf7-response-output\" aria-hidden=\"true\"><\/div>\n<\/form>\n<\/div>\n\n<\/div>\n","protected":false},"excerpt":{"rendered":"<p>Sunucu Bar\u0131nd\u0131rma Hizmetinde nelere dikkat etmelisiniz, nas\u0131l fiyatland\u0131rma yap\u0131lmaktad\u0131r? Bir sunucu merkezinin m\u00fc\u015fterilerine sundu\u011fu kiral\u0131k sunucular, uzun s\u00fcre test a\u015famas\u0131ndan ge\u00e7mi\u015f, yeterince yedek par\u00e7as\u0131 bulunan ve d\u00fc\u015f\u00fck enerji harcayan sunuculardan se\u00e7ilmektedir.Bu nedenle bir kiral\u0131k sunucunun fiyat\u0131 bazen sunucu bar\u0131nd\u0131rman\u0131n enerji \u00fccretine denk gelebilmektedir. Bu nedenle kendi sunucunuzu sat\u0131n al\u0131rken a\u015fa\u011f\u0131daki hususlara dikkat etmeniz gerekmektedir: 24 [&hellip;]<\/p>\n","protected":false},"author":1,"featured_media":0,"parent":2249,"menu_order":0,"comment_status":"open","ping_status":"open","template":"","meta":{"_uag_custom_page_level_css":"","footnotes":""},"yst_prominent_words":[],"class_list":["post-2269","page","type-page","status-publish","hentry"],"uagb_featured_image_src":{"full":false,"thumbnail":false,"medium":false,"medium_large":false,"large":false,"1536x1536":false,"2048x2048":false},"uagb_author_info":{"display_name":"ckaraca","author_link":"https:\/\/www.veriteknik.net.tr\/en\/author\/ckaraca\/"},"uagb_comment_info":0,"uagb_excerpt":"Sunucu Bar\u0131nd\u0131rma Hizmetinde nelere dikkat etmelisiniz, nas\u0131l fiyatland\u0131rma yap\u0131lmaktad\u0131r? Bir sunucu merkezinin m\u00fc\u015fterilerine sundu\u011fu kiral\u0131k sunucular, uzun s\u00fcre test a\u015famas\u0131ndan ge\u00e7mi\u015f, yeterince yedek par\u00e7as\u0131 bulunan ve d\u00fc\u015f\u00fck enerji harcayan sunuculardan se\u00e7ilmektedir.Bu nedenle bir kiral\u0131k sunucunun fiyat\u0131 bazen sunucu bar\u0131nd\u0131rman\u0131n enerji \u00fccretine denk gelebilmektedir. Bu nedenle kendi sunucunuzu sat\u0131n al\u0131rken a\u015fa\u011f\u0131daki hususlara dikkat etmeniz gerekmektedir: 24&hellip;","_links":{"self":[{"href":"https:\/\/www.veriteknik.net.tr\/en\/wp-json\/wp\/v2\/pages\/2269","targetHints":{"allow":["GET"]}}],"collection":[{"href":"https:\/\/www.veriteknik.net.tr\/en\/wp-json\/wp\/v2\/pages"}],"about":[{"href":"https:\/\/www.veriteknik.net.tr\/en\/wp-json\/wp\/v2\/types\/page"}],"author":[{"embeddable":true,"href":"https:\/\/www.veriteknik.net.tr\/en\/wp-json\/wp\/v2\/users\/1"}],"replies":[{"embeddable":true,"href":"https:\/\/www.veriteknik.net.tr\/en\/wp-json\/wp\/v2\/comments?post=2269"}],"version-history":[{"count":10,"href":"https:\/\/www.veriteknik.net.tr\/en\/wp-json\/wp\/v2\/pages\/2269\/revisions"}],"predecessor-version":[{"id":3435,"href":"https:\/\/www.veriteknik.net.tr\/en\/wp-json\/wp\/v2\/pages\/2269\/revisions\/3435"}],"up":[{"embeddable":true,"href":"https:\/\/www.veriteknik.net.tr\/en\/wp-json\/wp\/v2\/pages\/2249"}],"wp:attachment":[{"href":"https:\/\/www.veriteknik.net.tr\/en\/wp-json\/wp\/v2\/media?parent=2269"}],"wp:term":[{"taxonomy":"yst_prominent_words","embeddable":true,"href":"https:\/\/www.veriteknik.net.tr\/en\/wp-json\/wp\/v2\/yst_prominent_words?post=2269"}],"curies":[{"name":"wp","href":"https:\/\/api.w.org\/{rel}","templated":true}]}}